{"id":96,"date":"2026-03-05T19:25:20","date_gmt":"2026-03-05T16:25:20","guid":{"rendered":"https:\/\/www.sofatemizlik.com\/?page_id=96"},"modified":"2026-03-05T19:27:58","modified_gmt":"2026-03-05T16:27:58","slug":"hizmet-bolgelerimiz","status":"publish","type":"page","link":"https:\/\/www.sofatemizlik.com\/en\/hizmet-bolgelerimiz\/","title":{"rendered":"Service Regions"},"content":{"rendered":"<p>As Sofa Cleaning, we provide professional cleaning services throughout Ankara. Our sofa washing, bed cleaning, car seat washing, curtain cleaning and house cleaning services are meticulously carried out by our experienced team. We provide fast and reliable service to our customers in many districts of Ankara.<\/p>\n<h2>Districts We Serve<\/h2>\n<ul class=\"two-column-list\">\n<li>Cankaya<\/li>\n<li>Ke\u00e7i\u00f6ren<\/li>\n<li>Yenimahalle<\/li>\n<li>Mamak<\/li>\n<li>Etimesgut<\/li>\n<li>Xinjiang<\/li>\n<li>Pursaklar<\/li>\n<li>Golbasi<\/li>\n<li>Altindag<\/li>\n<li>Kazan<\/li>\n<li>Akyurt<\/li>\n<li>Elmadag<\/li>\n<\/ul>\n<h2>Main Neighbourhoods We Serve<\/h2>\n<p>We serve all neighbourhoods of Ankara. Some of the regions we serve most frequently are:<\/p>\n<ul class=\"two-column-list\">\n<li>Red Crescent<\/li>\n<li>Bahcelievler<\/li>\n<li>Dikmen<\/li>\n<li>Cayyolu<\/li>\n<li>Umitkoy<\/li>\n<li>Eryaman<\/li>\n<li>Batikent<\/li>\n<li>Etlik<\/li>\n<li>Demetevler<\/li>\n<li>Ke\u00e7i\u00f6ren Centre<\/li>\n<li>Star<\/li>\n<li>Ratio<\/li>\n<li>Balgat<\/li>\n<li>Ayranci<\/li>\n<li>Gaziosmanpasa<\/li>\n<\/ul>\n<h2>Professional Cleaning Service in Ankara<\/h2>\n<p>As Sofa Cleaning, we provide fast, reliable and professional cleaning services throughout Ankara. We make your living spaces more hygienic by deep cleaning your sofas, beds, curtains and car seats with our expert team and professional equipment.<\/p>\n<p>Even if your district or neighbourhood is not included in the list above, you can get service by contacting us. We provide service to many points of Ankara.<\/p>","protected":false},"excerpt":{"rendered":"<p>Sofa Temizlik olarak Ankara genelinde profesyonel temizlik hizmetleri sunmaktay\u0131z. Koltuk y\u0131kama, yatak temizli\u011fi, ara\u00e7 koltu\u011fu y\u0131kama, perde temizli\u011fi ve ev temizli\u011fi hizmetlerimiz deneyimli ekibimiz taraf\u0131ndan titizlikle<span class=\"excerpt-hellip\"> [\u2026]<\/span><\/p>\n","protected":false},"author":1,"featured_media":-1,"parent":0,"menu_order":0,"comment_status":"closed","ping_status":"closed","template":"","meta":{"footnotes":""},"class_list":["post-96","page","type-page","status-publish","has-post-thumbnail","hentry"],"yoast_head":"<!-- This site is optimized with the Yoast SEO plugin v27.1.1 - https:\/\/yoast.com\/product\/yoast-seo-wordpress\/ -->\n<title>Hizmet B\u00f6lgelerimiz - Sofa Temizlik<\/title>\n<meta name=\"robots\" content=\"index, follow, max-snippet:-1, max-image-preview:large, max-video-preview:-1\" \/>\n<link rel=\"canonical\" href=\"https:\/\/www.sofatemizlik.com\/en\/hizmet-bolgelerimiz\/\" \/>\n<meta property=\"og:locale\" content=\"en_GB\" \/>\n<meta property=\"og:type\" content=\"article\" \/>\n<meta property=\"og:title\" content=\"Hizmet B\u00f6lgelerimiz - Sofa Temizlik\" \/>\n<meta property=\"og:description\" content=\"Sofa Temizlik olarak Ankara genelinde profesyonel temizlik hizmetleri sunmaktay\u0131z. Koltuk y\u0131kama, yatak temizli\u011fi, ara\u00e7 koltu\u011fu y\u0131kama, perde temizli\u011fi ve ev temizli\u011fi hizmetlerimiz deneyimli ekibimiz taraf\u0131ndan titizlikle [\u2026]\" \/>\n<meta property=\"og:url\" content=\"https:\/\/www.sofatemizlik.com\/en\/hizmet-bolgelerimiz\/\" \/>\n<meta property=\"og:site_name\" content=\"Sofa Temizlik\" \/>\n<meta property=\"article:modified_time\" content=\"2026-03-05T16:27:58+00:00\" \/>\n<meta name=\"twitter:card\" content=\"summary_large_image\" \/>\n<meta name=\"twitter:label1\" content=\"Est. reading time\" \/>\n\t<meta name=\"twitter:data1\" content=\"1 minute\" \/>\n<script type=\"application\/ld+json\" class=\"yoast-schema-graph\">{\"@context\":\"https:\/\/schema.org\",\"@graph\":[{\"@type\":\"WebPage\",\"@id\":\"https:\/\/www.sofatemizlik.com\/hizmet-bolgelerimiz\/\",\"url\":\"https:\/\/www.sofatemizlik.com\/hizmet-bolgelerimiz\/\",\"name\":\"Hizmet B\u00f6lgelerimiz - Sofa Temizlik\",\"isPartOf\":{\"@id\":\"https:\/\/www.sofatemizlik.com\/#website\"},\"datePublished\":\"2026-03-05T16:25:20+00:00\",\"dateModified\":\"2026-03-05T16:27:58+00:00\",\"breadcrumb\":{\"@id\":\"https:\/\/www.sofatemizlik.com\/hizmet-bolgelerimiz\/#breadcrumb\"},\"inLanguage\":\"en-GB\",\"potentialAction\":[{\"@type\":\"ReadAction\",\"target\":[\"https:\/\/www.sofatemizlik.com\/hizmet-bolgelerimiz\/\"]}]},{\"@type\":\"BreadcrumbList\",\"@id\":\"https:\/\/www.sofatemizlik.com\/hizmet-bolgelerimiz\/#breadcrumb\",\"itemListElement\":[{\"@type\":\"ListItem\",\"position\":1,\"name\":\"Home\",\"item\":\"https:\/\/www.sofatemizlik.com\/\"},{\"@type\":\"ListItem\",\"position\":2,\"name\":\"Hizmet B\u00f6lgelerimiz\"}]},{\"@type\":\"WebSite\",\"@id\":\"https:\/\/www.sofatemizlik.com\/#website\",\"url\":\"https:\/\/www.sofatemizlik.com\/\",\"name\":\"Sofa Temizlik\",\"description\":\"Koltuk ve Hal\u0131 Temizlik Hizmetleri\",\"potentialAction\":[{\"@type\":\"SearchAction\",\"target\":{\"@type\":\"EntryPoint\",\"urlTemplate\":\"https:\/\/www.sofatemizlik.com\/?s={search_term_string}\"},\"query-input\":{\"@type\":\"PropertyValueSpecification\",\"valueRequired\":true,\"valueName\":\"search_term_string\"}}],\"inLanguage\":\"en-GB\"}]}<\/script>\n<!-- \/ Yoast SEO plugin. -->","yoast_head_json":{"title":"Hizmet B\u00f6lgelerimiz - Sofa Temizlik","robots":{"index":"index","follow":"follow","max-snippet":"max-snippet:-1","max-image-preview":"max-image-preview:large","max-video-preview":"max-video-preview:-1"},"canonical":"https:\/\/www.sofatemizlik.com\/en\/hizmet-bolgelerimiz\/","og_locale":"en_GB","og_type":"article","og_title":"Hizmet B\u00f6lgelerimiz - Sofa Temizlik","og_description":"Sofa Temizlik olarak Ankara genelinde profesyonel temizlik hizmetleri sunmaktay\u0131z. Koltuk y\u0131kama, yatak temizli\u011fi, ara\u00e7 koltu\u011fu y\u0131kama, perde temizli\u011fi ve ev temizli\u011fi hizmetlerimiz deneyimli ekibimiz taraf\u0131ndan titizlikle [\u2026]","og_url":"https:\/\/www.sofatemizlik.com\/en\/hizmet-bolgelerimiz\/","og_site_name":"Sofa Temizlik","article_modified_time":"2026-03-05T16:27:58+00:00","twitter_card":"summary_large_image","twitter_misc":{"Est. reading time":"1 minute"},"schema":{"@context":"https:\/\/schema.org","@graph":[{"@type":"WebPage","@id":"https:\/\/www.sofatemizlik.com\/hizmet-bolgelerimiz\/","url":"https:\/\/www.sofatemizlik.com\/hizmet-bolgelerimiz\/","name":"Hizmet B\u00f6lgelerimiz - Sofa Temizlik","isPartOf":{"@id":"https:\/\/www.sofatemizlik.com\/#website"},"datePublished":"2026-03-05T16:25:20+00:00","dateModified":"2026-03-05T16:27:58+00:00","breadcrumb":{"@id":"https:\/\/www.sofatemizlik.com\/hizmet-bolgelerimiz\/#breadcrumb"},"inLanguage":"en-GB","potentialAction":[{"@type":"ReadAction","target":["https:\/\/www.sofatemizlik.com\/hizmet-bolgelerimiz\/"]}]},{"@type":"BreadcrumbList","@id":"https:\/\/www.sofatemizlik.com\/hizmet-bolgelerimiz\/#breadcrumb","itemListElement":[{"@type":"ListItem","position":1,"name":"Home","item":"https:\/\/www.sofatemizlik.com\/"},{"@type":"ListItem","position":2,"name":"Hizmet B\u00f6lgelerimiz"}]},{"@type":"WebSite","@id":"https:\/\/www.sofatemizlik.com\/#website","url":"https:\/\/www.sofatemizlik.com\/","name":"Sofa Cleaning","description":"Sofa and Carpet Cleaning Services","potentialAction":[{"@type":"SearchAction","target":{"@type":"EntryPoint","urlTemplate":"https:\/\/www.sofatemizlik.com\/?s={search_term_string}"},"query-input":{"@type":"PropertyValueSpecification","valueRequired":true,"valueName":"search_term_string"}}],"inLanguage":"en-GB"}]}},"_links":{"self":[{"href":"https:\/\/www.sofatemizlik.com\/en\/wp-json\/wp\/v2\/pages\/96","targetHints":{"allow":["GET"]}}],"collection":[{"href":"https:\/\/www.sofatemizlik.com\/en\/wp-json\/wp\/v2\/pages"}],"about":[{"href":"https:\/\/www.sofatemizlik.com\/en\/wp-json\/wp\/v2\/types\/page"}],"author":[{"embeddable":true,"href":"https:\/\/www.sofatemizlik.com\/en\/wp-json\/wp\/v2\/users\/1"}],"replies":[{"embeddable":true,"href":"https:\/\/www.sofatemizlik.com\/en\/wp-json\/wp\/v2\/comments?post=96"}],"version-history":[{"count":4,"href":"https:\/\/www.sofatemizlik.com\/en\/wp-json\/wp\/v2\/pages\/96\/revisions"}],"predecessor-version":[{"id":101,"href":"https:\/\/www.sofatemizlik.com\/en\/wp-json\/wp\/v2\/pages\/96\/revisions\/101"}],"wp:featuredmedia":[{"embeddable":true,"href":"https:\/\/www.sofatemizlik.com\/en\/wp-json\/"}],"wp:attachment":[{"href":"https:\/\/www.sofatemizlik.com\/en\/wp-json\/wp\/v2\/media?parent=96"}],"curies":[{"name":"wp","href":"https:\/\/api.w.org\/{rel}","templated":true}]}}