{"id":87,"date":"2026-03-05T19:21:12","date_gmt":"2026-03-05T16:21:12","guid":{"rendered":"https:\/\/www.sofatemizlik.com\/?page_id=87"},"modified":"2026-03-05T19:22:58","modified_gmt":"2026-03-05T16:22:58","slug":"misyon-vizyon","status":"publish","type":"page","link":"https:\/\/www.sofatemizlik.com\/en\/misyon-vizyon\/","title":{"rendered":"Mission &amp; Vision"},"content":{"rendered":"<p>As Sofa Cleaning, we prioritise quality, trust and customer satisfaction in every service we offer. We aim to make living spaces more hygienic, healthy and comfortable with our professional cleaning approach and experienced team. We aim to meet the cleaning needs in the best way by offering fast, reliable and effective solutions to our customers who cannot spare time for home and vehicle cleaning in today's busy life tempo.<\/p>\n<p>We continuously improve our service quality by using modern cleaning equipment, effective cleaning methods and cleaning products that are sensitive to human health. As Sofa Cleaning, we aim not only to provide cleaning services but also to contribute to the creation of a healthier and more spacious environment in the living spaces of our customers. Our mission and vision, which we have determined in this direction, constitute the basis of our service understanding.<\/p>\n<h2>Our Mission<\/h2>\n<p>Our mission is to increase hygiene and comfort in the living spaces of our customers with professional cleaning services and to keep customer satisfaction at the highest level with our understanding of quality service. We aim to provide reliable and effective solutions to every customer with the services we offer in the fields of sofa washing, bed cleaning, car seat washing, curtain cleaning and house cleaning.<\/p>\n<p>We provide deep cleaning without damaging your belongings by working meticulously in every service and contribute to making your living spaces healthier. Our main goals are to apply the most appropriate cleaning methods by analysing the needs of our customers correctly, to continuously improve our service quality and to provide a reliable service.<\/p>\n<h2>Our Vision<\/h2>\n<p>Our vision is to be a brand that stands out with its reliability and service quality in the cleaning sector, preferred and recommended by its customers. Our most important goals are to continuously improve our service quality by following innovative cleaning methods and to bring the understanding of professional cleaning to a wider audience.<\/p>\n<p>We continue our efforts to be a reliable and reputable cleaning company that always prioritises customer satisfaction by achieving sustainable success in the sector.<\/p>\n<h2>Our Values<\/h2>\n<ul>\n<li>Always prioritising customer satisfaction<\/li>\n<li>Reliable and transparent service understanding<\/li>\n<li>Quality and meticulous working principle<\/li>\n<li>Cleaning practices sensitive to human health and the environment<\/li>\n<li>Continuous development and innovative approach<\/li>\n<\/ul>\n<h2>Our Service Approach<\/h2>\n<p>As Sofa Cleaning, professionalism and meticulousness are among our most important priorities in the services we offer. We apply the most appropriate cleaning method by carefully evaluating the needs of each of our customers and aim to achieve the best results with modern equipment and effective cleaning products.<\/p>\n<p>We aim to provide fast, reliable and effective service by observing quality standards at every stage of the cleaning process. Thus, we aim to create a cleaner, healthier and more spacious environment in the living spaces of our customers.<\/p>\n<h2>Our Quality Policy<\/h2>\n<p>Our quality policy is to maintain high standards in all the services we offer, to meet customer expectations in the best way and to increase our service quality with the understanding of continuous improvement. We aim to be a reliable solution partner in cleaning services with our professional equipment and experienced staff.<\/p>","protected":false},"excerpt":{"rendered":"<p>Sofa Temizlik olarak sundu\u011fumuz her hizmette kaliteyi, g\u00fcveni ve m\u00fc\u015fteri memnuniyetini \u00f6n planda tutuyoruz. Profesyonel temizlik anlay\u0131\u015f\u0131m\u0131z ve deneyimli ekibimiz ile ya\u015fam alanlar\u0131n\u0131 daha hijyenik, sa\u011fl\u0131kl\u0131<span class=\"excerpt-hellip\"> [\u2026]<\/span><\/p>\n","protected":false},"author":1,"featured_media":-1,"parent":0,"menu_order":0,"comment_status":"closed","ping_status":"closed","template":"","meta":{"footnotes":""},"class_list":["post-87","page","type-page","status-publish","has-post-thumbnail","hentry"],"yoast_head":"<!-- This site is optimized with the Yoast SEO plugin v27.1.1 - https:\/\/yoast.com\/product\/yoast-seo-wordpress\/ -->\n<title>Misyon &amp; Vizyon - Sofa Temizlik<\/title>\n<meta name=\"robots\" content=\"index, follow, max-snippet:-1, max-image-preview:large, max-video-preview:-1\" \/>\n<link rel=\"canonical\" href=\"https:\/\/www.sofatemizlik.com\/en\/misyon-vizyon\/\" \/>\n<meta property=\"og:locale\" content=\"en_GB\" \/>\n<meta property=\"og:type\" content=\"article\" \/>\n<meta property=\"og:title\" content=\"Misyon &amp; Vizyon - Sofa Temizlik\" \/>\n<meta property=\"og:description\" content=\"Sofa Temizlik olarak sundu\u011fumuz her hizmette kaliteyi, g\u00fcveni ve m\u00fc\u015fteri memnuniyetini \u00f6n planda tutuyoruz. Profesyonel temizlik anlay\u0131\u015f\u0131m\u0131z ve deneyimli ekibimiz ile ya\u015fam alanlar\u0131n\u0131 daha hijyenik, sa\u011fl\u0131kl\u0131 [\u2026]\" \/>\n<meta property=\"og:url\" content=\"https:\/\/www.sofatemizlik.com\/en\/misyon-vizyon\/\" \/>\n<meta property=\"og:site_name\" content=\"Sofa Temizlik\" \/>\n<meta property=\"article:modified_time\" content=\"2026-03-05T16:22:58+00:00\" \/>\n<meta name=\"twitter:card\" content=\"summary_large_image\" \/>\n<meta name=\"twitter:label1\" content=\"Est. reading time\" \/>\n\t<meta name=\"twitter:data1\" content=\"3 minutes\" \/>\n<script type=\"application\/ld+json\" class=\"yoast-schema-graph\">{\"@context\":\"https:\/\/schema.org\",\"@graph\":[{\"@type\":\"WebPage\",\"@id\":\"https:\/\/www.sofatemizlik.com\/misyon-vizyon\/\",\"url\":\"https:\/\/www.sofatemizlik.com\/misyon-vizyon\/\",\"name\":\"Misyon & Vizyon - Sofa Temizlik\",\"isPartOf\":{\"@id\":\"https:\/\/www.sofatemizlik.com\/#website\"},\"datePublished\":\"2026-03-05T16:21:12+00:00\",\"dateModified\":\"2026-03-05T16:22:58+00:00\",\"breadcrumb\":{\"@id\":\"https:\/\/www.sofatemizlik.com\/misyon-vizyon\/#breadcrumb\"},\"inLanguage\":\"en-GB\",\"potentialAction\":[{\"@type\":\"ReadAction\",\"target\":[\"https:\/\/www.sofatemizlik.com\/misyon-vizyon\/\"]}]},{\"@type\":\"BreadcrumbList\",\"@id\":\"https:\/\/www.sofatemizlik.com\/misyon-vizyon\/#breadcrumb\",\"itemListElement\":[{\"@type\":\"ListItem\",\"position\":1,\"name\":\"Home\",\"item\":\"https:\/\/www.sofatemizlik.com\/\"},{\"@type\":\"ListItem\",\"position\":2,\"name\":\"Misyon &#038; Vizyon\"}]},{\"@type\":\"WebSite\",\"@id\":\"https:\/\/www.sofatemizlik.com\/#website\",\"url\":\"https:\/\/www.sofatemizlik.com\/\",\"name\":\"Sofa Temizlik\",\"description\":\"Koltuk ve Hal\u0131 Temizlik Hizmetleri\",\"potentialAction\":[{\"@type\":\"SearchAction\",\"target\":{\"@type\":\"EntryPoint\",\"urlTemplate\":\"https:\/\/www.sofatemizlik.com\/?s={search_term_string}\"},\"query-input\":{\"@type\":\"PropertyValueSpecification\",\"valueRequired\":true,\"valueName\":\"search_term_string\"}}],\"inLanguage\":\"en-GB\"}]}<\/script>\n<!-- \/ Yoast SEO plugin. -->","yoast_head_json":{"title":"Misyon & Vizyon - Sofa Temizlik","robots":{"index":"index","follow":"follow","max-snippet":"max-snippet:-1","max-image-preview":"max-image-preview:large","max-video-preview":"max-video-preview:-1"},"canonical":"https:\/\/www.sofatemizlik.com\/en\/misyon-vizyon\/","og_locale":"en_GB","og_type":"article","og_title":"Misyon & Vizyon - Sofa Temizlik","og_description":"Sofa Temizlik olarak sundu\u011fumuz her hizmette kaliteyi, g\u00fcveni ve m\u00fc\u015fteri memnuniyetini \u00f6n planda tutuyoruz. Profesyonel temizlik anlay\u0131\u015f\u0131m\u0131z ve deneyimli ekibimiz ile ya\u015fam alanlar\u0131n\u0131 daha hijyenik, sa\u011fl\u0131kl\u0131 [\u2026]","og_url":"https:\/\/www.sofatemizlik.com\/en\/misyon-vizyon\/","og_site_name":"Sofa Temizlik","article_modified_time":"2026-03-05T16:22:58+00:00","twitter_card":"summary_large_image","twitter_misc":{"Est. reading time":"3 minutes"},"schema":{"@context":"https:\/\/schema.org","@graph":[{"@type":"WebPage","@id":"https:\/\/www.sofatemizlik.com\/misyon-vizyon\/","url":"https:\/\/www.sofatemizlik.com\/misyon-vizyon\/","name":"Misyon & Vizyon - Sofa Temizlik","isPartOf":{"@id":"https:\/\/www.sofatemizlik.com\/#website"},"datePublished":"2026-03-05T16:21:12+00:00","dateModified":"2026-03-05T16:22:58+00:00","breadcrumb":{"@id":"https:\/\/www.sofatemizlik.com\/misyon-vizyon\/#breadcrumb"},"inLanguage":"en-GB","potentialAction":[{"@type":"ReadAction","target":["https:\/\/www.sofatemizlik.com\/misyon-vizyon\/"]}]},{"@type":"BreadcrumbList","@id":"https:\/\/www.sofatemizlik.com\/misyon-vizyon\/#breadcrumb","itemListElement":[{"@type":"ListItem","position":1,"name":"Home","item":"https:\/\/www.sofatemizlik.com\/"},{"@type":"ListItem","position":2,"name":"Misyon &#038; Vizyon"}]},{"@type":"WebSite","@id":"https:\/\/www.sofatemizlik.com\/#website","url":"https:\/\/www.sofatemizlik.com\/","name":"Sofa Cleaning","description":"Sofa and Carpet Cleaning Services","potentialAction":[{"@type":"SearchAction","target":{"@type":"EntryPoint","urlTemplate":"https:\/\/www.sofatemizlik.com\/?s={search_term_string}"},"query-input":{"@type":"PropertyValueSpecification","valueRequired":true,"valueName":"search_term_string"}}],"inLanguage":"en-GB"}]}},"_links":{"self":[{"href":"https:\/\/www.sofatemizlik.com\/en\/wp-json\/wp\/v2\/pages\/87","targetHints":{"allow":["GET"]}}],"collection":[{"href":"https:\/\/www.sofatemizlik.com\/en\/wp-json\/wp\/v2\/pages"}],"about":[{"href":"https:\/\/www.sofatemizlik.com\/en\/wp-json\/wp\/v2\/types\/page"}],"author":[{"embeddable":true,"href":"https:\/\/www.sofatemizlik.com\/en\/wp-json\/wp\/v2\/users\/1"}],"replies":[{"embeddable":true,"href":"https:\/\/www.sofatemizlik.com\/en\/wp-json\/wp\/v2\/comments?post=87"}],"version-history":[{"count":2,"href":"https:\/\/www.sofatemizlik.com\/en\/wp-json\/wp\/v2\/pages\/87\/revisions"}],"predecessor-version":[{"id":93,"href":"https:\/\/www.sofatemizlik.com\/en\/wp-json\/wp\/v2\/pages\/87\/revisions\/93"}],"wp:featuredmedia":[{"embeddable":true,"href":"https:\/\/www.sofatemizlik.com\/en\/wp-json\/"}],"wp:attachment":[{"href":"https:\/\/www.sofatemizlik.com\/en\/wp-json\/wp\/v2\/media?parent=87"}],"curies":[{"name":"wp","href":"https:\/\/api.w.org\/{rel}","templated":true}]}}